{"id":117,"date":"2017-06-26T11:31:33","date_gmt":"2017-06-26T09:31:33","guid":{"rendered":"https:\/\/hypno.design\/product\/hypnose-bataille-des-esprits\/"},"modified":"2017-07-03T16:31:55","modified_gmt":"2017-07-03T14:31:55","slug":"hypnose-bataille-des-esprits","status":"publish","type":"product","link":"https:\/\/www.hypno.design\/fr\/produit\/hypnose-bataille-des-esprits\/","title":{"rendered":"Hypnose Le Jeu &#8211; Bataille des esprits"},"content":{"rendered":"<div id=\"lipsum\">\n<h2 style=\"text-align: center;\">HYPNOSE<\/h2>\n<p style=\"text-align: center;\">Hypnose (du grec\u00a0<strong style=\"font-size: 21px;\">\u03cd\u03c0\u03bd\u03bf\u03c2<\/strong> hupnos, sommeil) une s\u00e9dation o\u00f9 la personnalit\u00e9 et la r\u00e9ceptivit\u00e9 sensorielle de la personne hypnotique sont \u00e9limin\u00e9es et une forte suggestibilit\u00e9 pour les directives et suggestion du hypnotiseur survient.<\/p>\n<h2>HISTOIRE<\/h2>\n<p>Plusieurs hypnotiseurs se battent pour le titre du meilleur hypnotiseur de tous les temps. Avec la connaissance qu&rsquo;ils acqui\u00e8rent dans des livres et des cours, ils essaient de gagner contr\u00f4le sur les autres hypnotiseurs en leur hypnotisant et ainsi ils mettront le titre d\u00e9sirable sur leur palmar\u00e8s. Ils utilisent \u00e0 cet effet des outils renfor\u00e7ant et affaiblissant la hypnose et ils peuvent demander l&rsquo;assistance de coll\u00e8gue-hypnotiseurs et de coaches.<\/p>\n<h2>BUT<\/h2>\n<p>Les joueurs essaient de d\u00e9couvrir qui d&rsquo;entre eux est l&rsquo;hypnotiseur le plus fort. Ils le font par des duels d&rsquo;hypnose, dans lesquels ils essaient d&rsquo;hypnotiser les autres joueurs. L&rsquo;\u00e9tat de l&rsquo;hypnose est repr\u00e9sent\u00e9 par la R\u00e9sistance Mentale de chaque joueur. La cible est de r\u00e9duire la R\u00e9sistance Mentale de (des) l&rsquo;opposant(s) \u00e0 0. Le joueur qui maintient de la R\u00e9sistance Mentale comme dernier, gagne.<\/p>\n<\/div>\n<h2>CREDITS<\/h2>\n<p>Conception et D\u00e9veloppement: Jo Pirard &amp; Patrick PickArt<br \/>\nIllustrations: Lina Zhao (cartes), Sam Geussens (boite)<br \/>\nDesign Graphique: Sander Reynders<br \/>\nRedaction Finale: Tom Pattyn<br \/>\nPlaytesters: Rafa\u00ebl Dera, Sander Reynders, Dirk Roox, Jef Denruyter, Ann Indestege, Wannes Vermeire, Wilfried Martens, Bart Heleven, Benjamin Symons<\/p>\n<p>Traduction: Nancy Cerulis<br \/>\nEditeurs: \u00a92017 Studi-Jo Pi \/ OKUS Productions<\/p>\n<p>Pour plus d&rsquo;information, visitez : https:\/\/www.facebook.com\/HYPNOSE.The.Game<\/p>\n","protected":false},"excerpt":{"rendered":"<p>Plusieurs hypnotiseurs se battent pour le titre du meilleur hypnotiseur de tous les temps. VOUS mettez ce titre d\u00e9sirable sur votre palmar\u00e8s?<\/p>\n","protected":false},"featured_media":333,"comment_status":"open","ping_status":"closed","template":"","meta":[],"product_brand":[],"product_cat":[53],"product_tag":[38,51,42],"class_list":{"0":"post-117","1":"product","2":"type-product","3":"status-publish","4":"has-post-thumbnail","6":"product_cat-uncategorized","7":"product_tag-boardgame-fr","8":"product_tag-deckbuilder-fr","9":"product_tag-jeu-de-cartes","11":"first","12":"instock","13":"shipping-taxable","14":"purchasable","15":"product-type-simple"},"yoast_head":"<!-- This site is optimized with the Yoast SEO plugin v27.4 - https:\/\/yoast.com\/product\/yoast-seo-wordpress\/ -->\n<title>Hypnose Le Jeu - Bataille des esprits || Jouez et apprendre l&#039;hypnose<\/title>\n<meta name=\"description\" content=\"Plusieurs hypnotiseurs se battent pour le titre du meilleur hypnotiseur de tous les temps. VOUS mettez ce titre d\u00e9sirable sur votre palmar\u00e8s?\" \/>\n<meta name=\"robots\" content=\"index, follow, max-snippet:-1, max-image-preview:large, max-video-preview:-1\" \/>\n<link rel=\"canonical\" href=\"https:\/\/www.hypno.design\/fr\/produit\/hypnose-bataille-des-esprits\/\" \/>\n<meta property=\"og:locale\" content=\"fr_FR\" \/>\n<meta property=\"og:type\" content=\"article\" \/>\n<meta property=\"og:title\" content=\"Hypnose Le Jeu - Bataille des esprits || Jouez et apprendre l&#039;hypnose\" \/>\n<meta property=\"og:description\" content=\"Plusieurs hypnotiseurs se battent pour le titre du meilleur hypnotiseur de tous les temps. VOUS mettez ce titre d\u00e9sirable sur votre palmar\u00e8s?\" \/>\n<meta property=\"og:url\" content=\"https:\/\/www.hypno.design\/fr\/produit\/hypnose-bataille-des-esprits\/\" \/>\n<meta property=\"og:site_name\" content=\"OKUS Productions\" \/>\n<meta property=\"article:modified_time\" content=\"2017-07-03T14:31:55+00:00\" \/>\n<meta property=\"og:image\" content=\"https:\/\/www.hypno.design\/wp-content\/uploads\/2017\/06\/IMG_3473.jpg\" \/>\n\t<meta property=\"og:image:width\" content=\"2016\" \/>\n\t<meta property=\"og:image:height\" content=\"1550\" \/>\n\t<meta property=\"og:image:type\" content=\"image\/jpeg\" \/>\n<meta name=\"twitter:card\" content=\"summary_large_image\" \/>\n<meta name=\"twitter:label1\" content=\"Dur\u00e9e de lecture estim\u00e9e\" \/>\n\t<meta name=\"twitter:data1\" content=\"1 minute\" \/>\n<script type=\"application\/ld+json\" class=\"yoast-schema-graph\">{\"@context\":\"https:\\\/\\\/schema.org\",\"@graph\":[{\"@type\":\"WebPage\",\"@id\":\"https:\\\/\\\/www.hypno.design\\\/fr\\\/produit\\\/hypnose-bataille-des-esprits\\\/\",\"url\":\"https:\\\/\\\/www.hypno.design\\\/fr\\\/produit\\\/hypnose-bataille-des-esprits\\\/\",\"name\":\"Hypnose Le Jeu - Bataille des esprits || Jouez et apprendre l'hypnose\",\"isPartOf\":{\"@id\":\"https:\\\/\\\/www.hypno.design\\\/fr\\\/#website\"},\"primaryImageOfPage\":{\"@id\":\"https:\\\/\\\/www.hypno.design\\\/fr\\\/produit\\\/hypnose-bataille-des-esprits\\\/#primaryimage\"},\"image\":{\"@id\":\"https:\\\/\\\/www.hypno.design\\\/fr\\\/produit\\\/hypnose-bataille-des-esprits\\\/#primaryimage\"},\"thumbnailUrl\":\"https:\\\/\\\/www.hypno.design\\\/wp-content\\\/uploads\\\/2017\\\/06\\\/IMG_3473.jpg\",\"datePublished\":\"2017-06-26T09:31:33+00:00\",\"dateModified\":\"2017-07-03T14:31:55+00:00\",\"description\":\"Plusieurs hypnotiseurs se battent pour le titre du meilleur hypnotiseur de tous les temps. VOUS mettez ce titre d\u00e9sirable sur votre palmar\u00e8s?\",\"breadcrumb\":{\"@id\":\"https:\\\/\\\/www.hypno.design\\\/fr\\\/produit\\\/hypnose-bataille-des-esprits\\\/#breadcrumb\"},\"inLanguage\":\"fr-FR\",\"potentialAction\":[{\"@type\":\"ReadAction\",\"target\":[\"https:\\\/\\\/www.hypno.design\\\/fr\\\/produit\\\/hypnose-bataille-des-esprits\\\/\"]}]},{\"@type\":\"ImageObject\",\"inLanguage\":\"fr-FR\",\"@id\":\"https:\\\/\\\/www.hypno.design\\\/fr\\\/produit\\\/hypnose-bataille-des-esprits\\\/#primaryimage\",\"url\":\"https:\\\/\\\/www.hypno.design\\\/wp-content\\\/uploads\\\/2017\\\/06\\\/IMG_3473.jpg\",\"contentUrl\":\"https:\\\/\\\/www.hypno.design\\\/wp-content\\\/uploads\\\/2017\\\/06\\\/IMG_3473.jpg\",\"width\":2016,\"height\":1550,\"caption\":\"aper\u00e7u contenu hypnose jeu battle of the minds\"},{\"@type\":\"BreadcrumbList\",\"@id\":\"https:\\\/\\\/www.hypno.design\\\/fr\\\/produit\\\/hypnose-bataille-des-esprits\\\/#breadcrumb\",\"itemListElement\":[{\"@type\":\"ListItem\",\"position\":1,\"name\":\"Home\",\"item\":\"https:\\\/\\\/www.hypno.design\\\/fr\\\/\"},{\"@type\":\"ListItem\",\"position\":2,\"name\":\"HypnoShop\",\"item\":\"https:\\\/\\\/www.hypno.design\\\/\"},{\"@type\":\"ListItem\",\"position\":3,\"name\":\"Hypnose Le Jeu &#8211; Bataille des esprits\"}]},{\"@type\":\"WebSite\",\"@id\":\"https:\\\/\\\/www.hypno.design\\\/fr\\\/#website\",\"url\":\"https:\\\/\\\/www.hypno.design\\\/fr\\\/\",\"name\":\"OKUS Productions\",\"description\":\"met Patrick PickArt\",\"publisher\":{\"@id\":\"https:\\\/\\\/www.hypno.design\\\/fr\\\/#organization\"},\"potentialAction\":[{\"@type\":\"SearchAction\",\"target\":{\"@type\":\"EntryPoint\",\"urlTemplate\":\"https:\\\/\\\/www.hypno.design\\\/fr\\\/?s={search_term_string}\"},\"query-input\":{\"@type\":\"PropertyValueSpecification\",\"valueRequired\":true,\"valueName\":\"search_term_string\"}}],\"inLanguage\":\"fr-FR\"},{\"@type\":\"Organization\",\"@id\":\"https:\\\/\\\/www.hypno.design\\\/fr\\\/#organization\",\"name\":\"Okus Productions\",\"url\":\"https:\\\/\\\/www.hypno.design\\\/fr\\\/\",\"logo\":{\"@type\":\"ImageObject\",\"inLanguage\":\"fr-FR\",\"@id\":\"https:\\\/\\\/www.hypno.design\\\/fr\\\/#\\\/schema\\\/logo\\\/image\\\/\",\"url\":\"https:\\\/\\\/www.hypno.design\\\/wp-content\\\/uploads\\\/2017\\\/06\\\/NewPatrick_Pickart_Gillard@0.5x.png\",\"contentUrl\":\"https:\\\/\\\/www.hypno.design\\\/wp-content\\\/uploads\\\/2017\\\/06\\\/NewPatrick_Pickart_Gillard@0.5x.png\",\"width\":344,\"height\":94,\"caption\":\"Okus Productions\"},\"image\":{\"@id\":\"https:\\\/\\\/www.hypno.design\\\/fr\\\/#\\\/schema\\\/logo\\\/image\\\/\"}}]}<\/script>\n<!-- \/ Yoast SEO plugin. -->","yoast_head_json":{"title":"Hypnose Le Jeu - Bataille des esprits || Jouez et apprendre l'hypnose","description":"Plusieurs hypnotiseurs se battent pour le titre du meilleur hypnotiseur de tous les temps. VOUS mettez ce titre d\u00e9sirable sur votre palmar\u00e8s?","robots":{"index":"index","follow":"follow","max-snippet":"max-snippet:-1","max-image-preview":"max-image-preview:large","max-video-preview":"max-video-preview:-1"},"canonical":"https:\/\/www.hypno.design\/fr\/produit\/hypnose-bataille-des-esprits\/","og_locale":"fr_FR","og_type":"article","og_title":"Hypnose Le Jeu - Bataille des esprits || Jouez et apprendre l'hypnose","og_description":"Plusieurs hypnotiseurs se battent pour le titre du meilleur hypnotiseur de tous les temps. VOUS mettez ce titre d\u00e9sirable sur votre palmar\u00e8s?","og_url":"https:\/\/www.hypno.design\/fr\/produit\/hypnose-bataille-des-esprits\/","og_site_name":"OKUS Productions","article_modified_time":"2017-07-03T14:31:55+00:00","og_image":[{"width":2016,"height":1550,"url":"https:\/\/www.hypno.design\/wp-content\/uploads\/2017\/06\/IMG_3473.jpg","type":"image\/jpeg"}],"twitter_card":"summary_large_image","twitter_misc":{"Dur\u00e9e de lecture estim\u00e9e":"1 minute"},"schema":{"@context":"https:\/\/schema.org","@graph":[{"@type":"WebPage","@id":"https:\/\/www.hypno.design\/fr\/produit\/hypnose-bataille-des-esprits\/","url":"https:\/\/www.hypno.design\/fr\/produit\/hypnose-bataille-des-esprits\/","name":"Hypnose Le Jeu - Bataille des esprits || Jouez et apprendre l'hypnose","isPartOf":{"@id":"https:\/\/www.hypno.design\/fr\/#website"},"primaryImageOfPage":{"@id":"https:\/\/www.hypno.design\/fr\/produit\/hypnose-bataille-des-esprits\/#primaryimage"},"image":{"@id":"https:\/\/www.hypno.design\/fr\/produit\/hypnose-bataille-des-esprits\/#primaryimage"},"thumbnailUrl":"https:\/\/www.hypno.design\/wp-content\/uploads\/2017\/06\/IMG_3473.jpg","datePublished":"2017-06-26T09:31:33+00:00","dateModified":"2017-07-03T14:31:55+00:00","description":"Plusieurs hypnotiseurs se battent pour le titre du meilleur hypnotiseur de tous les temps. VOUS mettez ce titre d\u00e9sirable sur votre palmar\u00e8s?","breadcrumb":{"@id":"https:\/\/www.hypno.design\/fr\/produit\/hypnose-bataille-des-esprits\/#breadcrumb"},"inLanguage":"fr-FR","potentialAction":[{"@type":"ReadAction","target":["https:\/\/www.hypno.design\/fr\/produit\/hypnose-bataille-des-esprits\/"]}]},{"@type":"ImageObject","inLanguage":"fr-FR","@id":"https:\/\/www.hypno.design\/fr\/produit\/hypnose-bataille-des-esprits\/#primaryimage","url":"https:\/\/www.hypno.design\/wp-content\/uploads\/2017\/06\/IMG_3473.jpg","contentUrl":"https:\/\/www.hypno.design\/wp-content\/uploads\/2017\/06\/IMG_3473.jpg","width":2016,"height":1550,"caption":"aper\u00e7u contenu hypnose jeu battle of the minds"},{"@type":"BreadcrumbList","@id":"https:\/\/www.hypno.design\/fr\/produit\/hypnose-bataille-des-esprits\/#breadcrumb","itemListElement":[{"@type":"ListItem","position":1,"name":"Home","item":"https:\/\/www.hypno.design\/fr\/"},{"@type":"ListItem","position":2,"name":"HypnoShop","item":"https:\/\/www.hypno.design\/"},{"@type":"ListItem","position":3,"name":"Hypnose Le Jeu &#8211; Bataille des esprits"}]},{"@type":"WebSite","@id":"https:\/\/www.hypno.design\/fr\/#website","url":"https:\/\/www.hypno.design\/fr\/","name":"OKUS Productions","description":"met Patrick PickArt","publisher":{"@id":"https:\/\/www.hypno.design\/fr\/#organization"},"potentialAction":[{"@type":"SearchAction","target":{"@type":"EntryPoint","urlTemplate":"https:\/\/www.hypno.design\/fr\/?s={search_term_string}"},"query-input":{"@type":"PropertyValueSpecification","valueRequired":true,"valueName":"search_term_string"}}],"inLanguage":"fr-FR"},{"@type":"Organization","@id":"https:\/\/www.hypno.design\/fr\/#organization","name":"Okus Productions","url":"https:\/\/www.hypno.design\/fr\/","logo":{"@type":"ImageObject","inLanguage":"fr-FR","@id":"https:\/\/www.hypno.design\/fr\/#\/schema\/logo\/image\/","url":"https:\/\/www.hypno.design\/wp-content\/uploads\/2017\/06\/NewPatrick_Pickart_Gillard@0.5x.png","contentUrl":"https:\/\/www.hypno.design\/wp-content\/uploads\/2017\/06\/NewPatrick_Pickart_Gillard@0.5x.png","width":344,"height":94,"caption":"Okus Productions"},"image":{"@id":"https:\/\/www.hypno.design\/fr\/#\/schema\/logo\/image\/"}}]}},"_links":{"self":[{"href":"https:\/\/www.hypno.design\/fr\/wp-json\/wp\/v2\/product\/117","targetHints":{"allow":["GET"]}}],"collection":[{"href":"https:\/\/www.hypno.design\/fr\/wp-json\/wp\/v2\/product"}],"about":[{"href":"https:\/\/www.hypno.design\/fr\/wp-json\/wp\/v2\/types\/product"}],"replies":[{"embeddable":true,"href":"https:\/\/www.hypno.design\/fr\/wp-json\/wp\/v2\/comments?post=117"}],"wp:featuredmedia":[{"embeddable":true,"href":"https:\/\/www.hypno.design\/fr\/wp-json\/wp\/v2\/media\/333"}],"wp:attachment":[{"href":"https:\/\/www.hypno.design\/fr\/wp-json\/wp\/v2\/media?parent=117"}],"wp:term":[{"taxonomy":"product_brand","embeddable":true,"href":"https:\/\/www.hypno.design\/fr\/wp-json\/wp\/v2\/product_brand?post=117"},{"taxonomy":"product_cat","embeddable":true,"href":"https:\/\/www.hypno.design\/fr\/wp-json\/wp\/v2\/product_cat?post=117"},{"taxonomy":"product_tag","embeddable":true,"href":"https:\/\/www.hypno.design\/fr\/wp-json\/wp\/v2\/product_tag?post=117"}],"curies":[{"name":"wp","href":"https:\/\/api.w.org\/{rel}","templated":true}]}}